{"id":3252,"date":"2020-09-14T10:54:01","date_gmt":"2020-09-14T10:54:01","guid":{"rendered":"https:\/\/kenkoup.com\/?page_id=3252"},"modified":"2024-08-19T16:45:25","modified_gmt":"2024-08-20T00:45:25","slug":"home","status":"publish","type":"page","link":"https:\/\/kenkoup.com\/vn\/","title":{"rendered":"Home"},"content":{"rendered":"<div data-elementor-type=\"wp-page\" data-elementor-id=\"3252\" class=\"elementor elementor-3252\" data-elementor-post-type=\"page\">\n\t\t\t\t\t\t<section class=\"elementor-section elementor-top-section elementor-element elementor-element-296bef5 elementor-section-full_width elementor-section-height-default elementor-section-height-default\" data-id=\"296bef5\" data-element_type=\"section\">\n\t\t\t\t\t\t<div class=\"elementor-container elementor-column-gap-no\">\n\t\t\t\t\t<div class=\"elementor-column elementor-col-100 elementor-top-column elementor-element elementor-element-54cd66c\" data-id=\"54cd66c\" data-element_type=\"column\">\n\t\t\t<div class=\"elementor-widget-wrap elementor-element-populated\">\n\t\t\t\t\t\t<div class=\"elementor-element elementor-element-2fec82a elementor-widget elementor-widget-shortcode\" data-id=\"2fec82a\" data-element_type=\"widget\" data-widget_type=\"shortcode.default\">\n\t\t\t\t<div class=\"elementor-widget-container\">\n\t\t\t\t\t\t\t<div class=\"elementor-shortcode\">\n<\/div>\n\t\t\t\t\t\t<\/div>\n\t\t\t\t<\/div>\n\t\t\t\t\t<\/div>\n\t\t<\/div>\n\t\t\t\t\t<\/div>\n\t\t<\/section>\n\t\t\t\t<section class=\"elementor-section elementor-top-section elementor-element elementor-element-e941cfc elementor-section-height-min-height elementor-section-boxed elementor-section-height-default elementor-section-items-middle\" data-id=\"e941cfc\" data-element_type=\"section\">\n\t\t\t\t\t\t<div class=\"elementor-container elementor-column-gap-no\">\n\t\t\t\t\t<div class=\"elementor-column elementor-col-100 elementor-top-column elementor-element elementor-element-42f3b6b\" data-id=\"42f3b6b\" data-element_type=\"column\">\n\t\t\t<div class=\"elementor-widget-wrap elementor-element-populated\">\n\t\t\t\t\t\t<div class=\"elementor-element elementor-element-871837f elementor-widget elementor-widget-heading\" data-id=\"871837f\" data-element_type=\"widget\" data-widget_type=\"heading.default\">\n\t\t\t\t<div class=\"elementor-widget-container\">\n\t\t\t\t\t<h2 class=\"elementor-heading-title elementor-size-default\">T\u1ea3o N\u00e2u Fucoidan KenkoUp\u00ae<\/h2>\t\t\t\t<\/div>\n\t\t\t\t<\/div>\n\t\t\t\t<section class=\"elementor-section elementor-inner-section elementor-element elementor-element-53ec52a elementor-section-boxed elementor-section-height-default elementor-section-height-default\" data-id=\"53ec52a\" data-element_type=\"section\">\n\t\t\t\t\t\t<div class=\"elementor-container elementor-column-gap-default\">\n\t\t\t\t\t<div class=\"elementor-column elementor-col-100 elementor-inner-column elementor-element elementor-element-fb64fbd\" data-id=\"fb64fbd\" data-element_type=\"column\">\n\t\t\t<div class=\"elementor-widget-wrap elementor-element-populated\">\n\t\t\t\t\t\t<div class=\"elementor-element elementor-element-a772df8 elementor-widget elementor-widget-text-editor\" data-id=\"a772df8\" data-element_type=\"widget\" data-widget_type=\"text-editor.default\">\n\t\t\t\t<div class=\"elementor-widget-container\">\n\t\t\t\t\t\t\t\t\t<p><strong>H\u1ec7 th\u1ed1ng mi\u1ec5n d\u1ecbch ch\u00ednh l\u00e0 ch\u00eca kh\u00f3a cho m\u1ed9t s\u1ee9c kh\u1ecfe t\u1ed1t. S\u1eed d\u1ee5ng KenkoUp \u0111\u1ec3 t\u0103ng c\u01b0\u1eddng kh\u1ea3 n\u0103ng mi\u1ec5n d\u1ecbch cho c\u01a1 th\u1ec3<\/strong><\/p>\t\t\t\t\t\t\t\t<\/div>\n\t\t\t\t<\/div>\n\t\t\t\t<div class=\"elementor-element elementor-element-293f054 elementor-widget elementor-widget-text-editor\" data-id=\"293f054\" data-element_type=\"widget\" data-widget_type=\"text-editor.default\">\n\t\t\t\t<div class=\"elementor-widget-container\">\n\t\t\t\t\t\t\t\t\t<p>B\u1ed5 sung v\u00e0 t\u0103ng c\u01b0\u1eddng kh\u1ea3 n\u0103ng mi\u1ec5n d\u1ecbch v\u00e0 s\u1ee9c kh\u1ecfe cho c\u01a1 th\u1ec3. <\/p><p>T\u1ea3o N\u00e2u Fucoidan KenkoUp\u00ae \u0111\u00e3 \u0111\u01b0\u1ee3c khoa h\u1ecdc ch\u1ee9ng minh c\u00f3 th\u1ec3 h\u1ed7 tr\u1ee3 t\u0103ng c\u01b0\u1eddng h\u1ec7 th\u1ed1ng mi\u1ec5n d\u1ecbch v\u00e0 c\u00e1c ch\u1ee9c n\u0103ng kh\u00e1c c\u1ee7a c\u01a1 th\u1ec3 m\u1ed9t c\u00e1ch hi\u1ec7u qu\u1ea3<\/p>\t\t\t\t\t\t\t\t<\/div>\n\t\t\t\t<\/div>\n\t\t\t\t<div class=\"elementor-element elementor-element-ea7a0ee elementor-align-center elementor-widget elementor-widget-button\" data-id=\"ea7a0ee\" data-element_type=\"widget\" data-widget_type=\"button.default\">\n\t\t\t\t<div class=\"elementor-widget-container\">\n\t\t\t\t\t\t\t\t\t<div class=\"elementor-button-wrapper\">\n\t\t\t\t\t<a class=\"elementor-button elementor-button-link elementor-size-sm\" href=\"https:\/\/kenkoup.com\/product\/\">\n\t\t\t\t\t\t<span class=\"elementor-button-content-wrapper\">\n\t\t\t\t\t\t\t\t\t<span class=\"elementor-button-text\">\u0110\u1eb7t mua<\/span>\n\t\t\t\t\t<\/span>\n\t\t\t\t\t<\/a>\n\t\t\t\t<\/div>\n\t\t\t\t\t\t\t\t<\/div>\n\t\t\t\t<\/div>\n\t\t\t\t\t<\/div>\n\t\t<\/div>\n\t\t\t\t\t<\/div>\n\t\t<\/section>\n\t\t\t\t\t<\/div>\n\t\t<\/div>\n\t\t\t\t\t<\/div>\n\t\t<\/section>\n\t\t\t\t<section class=\"elementor-section elementor-top-section elementor-element elementor-element-fa1219c elementor-section-height-min-height elementor-section-boxed elementor-section-height-default elementor-section-items-middle\" data-id=\"fa1219c\" data-element_type=\"section\" data-settings=\"{&quot;background_background&quot;:&quot;classic&quot;}\">\n\t\t\t\t\t\t<div class=\"elementor-container elementor-column-gap-no\">\n\t\t\t\t\t<div class=\"elementor-column elementor-col-100 elementor-top-column elementor-element elementor-element-630b2fe\" data-id=\"630b2fe\" data-element_type=\"column\">\n\t\t\t<div class=\"elementor-widget-wrap elementor-element-populated\">\n\t\t\t\t\t\t<div class=\"elementor-element elementor-element-8d28d2f elementor-widget elementor-widget-heading\" data-id=\"8d28d2f\" data-element_type=\"widget\" data-widget_type=\"heading.default\">\n\t\t\t\t<div class=\"elementor-widget-container\">\n\t\t\t\t\t<h2 class=\"elementor-heading-title elementor-size-default\">V\u1ec1 th\u01b0\u01a1ng hi\u1ec7u KenkoUp\u00ae<\/h2>\t\t\t\t<\/div>\n\t\t\t\t<\/div>\n\t\t\t\t<section class=\"elementor-section elementor-inner-section elementor-element elementor-element-243981d elementor-section-full_width elementor-section-height-default elementor-section-height-default\" data-id=\"243981d\" data-element_type=\"section\">\n\t\t\t\t\t\t<div class=\"elementor-container elementor-column-gap-default\">\n\t\t\t\t\t<div class=\"elementor-column elementor-col-33 elementor-inner-column elementor-element elementor-element-2bb1491\" data-id=\"2bb1491\" data-element_type=\"column\">\n\t\t\t<div class=\"elementor-widget-wrap elementor-element-populated\">\n\t\t\t\t\t\t<div class=\"elementor-element elementor-element-f3b88cc elementor-widget elementor-widget-heading\" data-id=\"f3b88cc\" data-element_type=\"widget\" data-widget_type=\"heading.default\">\n\t\t\t\t<div class=\"elementor-widget-container\">\n\t\t\t\t\t<h2 class=\"elementor-heading-title elementor-size-default\">\u0110\u00e3 \u0111\u01b0\u1ee3c ki\u1ec3m ch\u1ee9ng<\/h2>\t\t\t\t<\/div>\n\t\t\t\t<\/div>\n\t\t\t\t<div class=\"elementor-element elementor-element-1f2737c elementor-widget elementor-widget-text-editor\" data-id=\"1f2737c\" data-element_type=\"widget\" data-widget_type=\"text-editor.default\">\n\t\t\t\t<div class=\"elementor-widget-container\">\n\t\t\t\t\t\t\t\t\t<p>Ch\u00fang t\u00f4i \u0111\u00e3 \u00e1p d\u1ee5ng nghi\u00ean c\u1ee9u khoa h\u1ecdc m\u1edbi nh\u1ea5t, ch\u1ec9 s\u1eed d\u1ee5ng c\u00e1c th\u00e0nh ph\u1ea7n \u0111\u00e3 \u0111\u01b0\u1ee3c ki\u1ec3m nghi\u1ec7m v\u00e0 k\u1ebft h\u1ee3p nghi\u00ean c\u1ee9u v\u1ec1 d\u01b0\u1ee3c l\u00fd trong ch\u1ebf \u0111\u1ed9 dinh d\u01b0\u1ee1ng gi\u00fap k\u00e9o d\u00e0i tu\u1ed5i th\u1ecd c\u1ee7a ng\u01b0\u1eddi Okinawa \u0111\u1ec3 c\u00f3 \u0111\u01b0\u1ee3c s\u1ea3n ph\u1ea9m h\u1ed7 tr\u1ee3 hi\u1ec7u qu\u1ea3.<\/p>\t\t\t\t\t\t\t\t<\/div>\n\t\t\t\t<\/div>\n\t\t\t\t\t<\/div>\n\t\t<\/div>\n\t\t\t\t<div class=\"elementor-column elementor-col-33 elementor-inner-column elementor-element elementor-element-3c5ed83\" data-id=\"3c5ed83\" data-element_type=\"column\">\n\t\t\t<div class=\"elementor-widget-wrap elementor-element-populated\">\n\t\t\t\t\t\t<div class=\"elementor-element elementor-element-bccfc39 elementor-widget elementor-widget-heading\" data-id=\"bccfc39\" data-element_type=\"widget\" data-widget_type=\"heading.default\">\n\t\t\t\t<div class=\"elementor-widget-container\">\n\t\t\t\t\t<h2 class=\"elementor-heading-title elementor-size-default\">\u0110\u1ea3m b\u1ea3o an to\u00e0n<\/h2>\t\t\t\t<\/div>\n\t\t\t\t<\/div>\n\t\t\t\t<div class=\"elementor-element elementor-element-663c93c elementor-widget elementor-widget-text-editor\" data-id=\"663c93c\" data-element_type=\"widget\" data-widget_type=\"text-editor.default\">\n\t\t\t\t<div class=\"elementor-widget-container\">\n\t\t\t\t\t\t\t\t\t<p>Ph\u01b0\u01a1ng thu\u1ed1c c\u1ee7a ch\u00fang t\u00f4i \u0111\u1ea3m b\u1ea3o kh\u00f4ng bao g\u1ed3m ch\u1ea5t b\u1ea3o qu\u1ea3n, ph\u1ee5 gia th\u1ef1c ph\u1ea9m, ch\u1ea5t t\u1ea1o v\u1ecb v\u00e0 ch\u1ea5t t\u1ea1o ng\u1ecdt. Trong th\u00e0nh ph\u1ea7n \u0111\u1ec1u t\u1eadn d\u1ee5ng s\u1eed d\u1ee5ng c\u00e1c ch\u1ea5t h\u1eefu c\u01a1, th\u1ef1c ph\u1ea9m chay, kh\u00f4ng ch\u1ea5t Gluten. \u0110\u01b0\u1ee3c s\u1ea3n xu\u1ea5t ch\u1ebf t\u1ea1o t\u1ea1i c\u00f4ng x\u01b0\u1edfng thu\u1ed1c c\u1ea5p Nh\u1eadt B\u1ea3n, \u0111\u00e3 \u0111\u01b0\u1ee3c x\u00e9t duy\u1ec7t ti\u00eau chu\u1ea9n \u0111\u0103ng k\u00fd FDA c\u1ee7a M\u1ef9.<\/p>\t\t\t\t\t\t\t\t<\/div>\n\t\t\t\t<\/div>\n\t\t\t\t\t<\/div>\n\t\t<\/div>\n\t\t\t\t<div class=\"elementor-column elementor-col-33 elementor-inner-column elementor-element elementor-element-62bdd61\" data-id=\"62bdd61\" data-element_type=\"column\">\n\t\t\t<div class=\"elementor-widget-wrap elementor-element-populated\">\n\t\t\t\t\t\t<div class=\"elementor-element elementor-element-6d1a860 elementor-widget elementor-widget-heading\" data-id=\"6d1a860\" data-element_type=\"widget\" data-widget_type=\"heading.default\">\n\t\t\t\t<div class=\"elementor-widget-container\">\n\t\t\t\t\t<h2 class=\"elementor-heading-title elementor-size-default\">Kh\u00f4ng ng\u1eebng ph\u00e1t tri\u1ec3n, h\u01b0\u1edbng \u0111\u1ebfn s\u1ef1 ho\u00e0n m\u1ef9<\/h2>\t\t\t\t<\/div>\n\t\t\t\t<\/div>\n\t\t\t\t<div class=\"elementor-element elementor-element-9da8a72 elementor-widget elementor-widget-text-editor\" data-id=\"9da8a72\" data-element_type=\"widget\" data-widget_type=\"text-editor.default\">\n\t\t\t\t<div class=\"elementor-widget-container\">\n\t\t\t\t\t\t\t\t\t<p>C\u01a1 th\u1ec3 lu\u00f4n lu\u00f4n thay \u0111\u1ed5i v\u00e0 kh\u00f3 c\u00f3 ph\u01b0\u01a1ng th\u1ee9c n\u00e0o \u0111\u1ec3 c\u00f3 \u0111\u01b0\u1ee3c m\u1ed9t s\u1ee9c kh\u1ecfe lu\u00f4n ho\u00e0n h\u1ea3o. KenkoUp\u00ae lu\u00f4n kh\u00f4ng ng\u1eebng theo \u0111u\u1ed5i s\u1ef1 ho\u00e0n m\u1ef9 khi ph\u00e1t tri\u1ec3n s\u1ea3n ph\u1ea9m v\u00e0 ch\u00fang t\u00f4i c\u1ef1c k\u1ef3 ch\u00fa tr\u1ecdng \u0111\u1ebfn vi\u1ec7c \"N\u00e2ng cao hi\u1ec7u qu\u1ea3 h\u1ea5p thu c\u1ee7a c\u01a1 th\u1ec3 l\u00e0m ti\u00eau ch\u00ed h\u00e0ng \u0111\u1ea7u\" \u0111\u1ec3 nghi\u00ean c\u1ee9u ra s\u1ea3n ph\u1ea9m h\u1ed7 tr\u1ee3 t\u1ed1t nh\u1ea5t.\u00a0<\/p>\t\t\t\t\t\t\t\t<\/div>\n\t\t\t\t<\/div>\n\t\t\t\t\t<\/div>\n\t\t<\/div>\n\t\t\t\t\t<\/div>\n\t\t<\/section>\n\t\t\t\t\t<\/div>\n\t\t<\/div>\n\t\t\t\t\t<\/div>\n\t\t<\/section>\n\t\t\t\t<section class=\"elementor-section elementor-top-section elementor-element elementor-element-72d7067 elementor-section-height-min-height elementor-section-content-middle elementor-section-boxed elementor-section-height-default elementor-section-items-middle\" data-id=\"72d7067\" data-element_type=\"section\" data-settings=\"{&quot;background_background&quot;:&quot;classic&quot;}\">\n\t\t\t\t\t\t<div class=\"elementor-container elementor-column-gap-no\">\n\t\t\t\t\t<div class=\"elementor-column elementor-col-100 elementor-top-column elementor-element elementor-element-970eceb\" data-id=\"970eceb\" data-element_type=\"column\">\n\t\t\t<div class=\"elementor-widget-wrap elementor-element-populated\">\n\t\t\t\t\t\t<div class=\"elementor-element elementor-element-efbd561 elementor-widget elementor-widget-heading\" data-id=\"efbd561\" data-element_type=\"widget\" data-widget_type=\"heading.default\">\n\t\t\t\t<div class=\"elementor-widget-container\">\n\t\t\t\t\t<h2 class=\"elementor-heading-title elementor-size-default\">Ch\u1ea5t l\u01b0\u1ee3ng h\u00e0ng \u0111\u1ea7u<\/h2>\t\t\t\t<\/div>\n\t\t\t\t<\/div>\n\t\t\t\t<section class=\"elementor-section elementor-inner-section elementor-element elementor-element-7d849fb elementor-section-boxed elementor-section-height-default elementor-section-height-default\" data-id=\"7d849fb\" data-element_type=\"section\">\n\t\t\t\t\t\t<div class=\"elementor-container elementor-column-gap-default\">\n\t\t\t\t\t<div class=\"elementor-column elementor-col-100 elementor-inner-column elementor-element elementor-element-755767f\" data-id=\"755767f\" data-element_type=\"column\">\n\t\t\t<div class=\"elementor-widget-wrap elementor-element-populated\">\n\t\t\t\t\t\t<div class=\"elementor-element elementor-element-41b3b67 elementor-widget elementor-widget-text-editor\" data-id=\"41b3b67\" data-element_type=\"widget\" data-widget_type=\"text-editor.default\">\n\t\t\t\t<div class=\"elementor-widget-container\">\n\t\t\t\t\t\t\t\t\t<p>Th\u00f4ng qua s\u1ed1 li\u1ec7u th\u00ed nghi\u1ec7m c\u1ee7a \u0111\u1ed9i ng\u0169 nghi\u00ean c\u1ee9u thu\u1ed9c \u0110\u1ea1i h\u1ecdc Ryukyudaigaku Chihara Nh\u1eadt B\u1ea3n, m\u1ed7i m\u1ed9t th\u00e0nh ph\u1ea7n m\u00e0 KenkoUp\u00ae \u0111\u00e3 s\u1eed d\u1ee5ng trong s\u1ea3n ph\u1ea9m \u0111\u1ec1u \u0111\u01b0\u1ee3c l\u1ef1a ch\u1ecdn m\u1ed9t c\u00e1ch k\u1ef9 c\u00e0ng nh\u1ea5t \u0111\u1ec3 \u0111\u1ea1t \u0111\u1ebfn ch\u1ea5t l\u01b0\u1ee3ng v\u00e0 hi\u1ec7u qu\u1ea3 t\u1ed1i \u01b0u, th\u1eadm ch\u00ed li\u1ec1u l\u01b0\u1ee3ng \u0111\u01b0\u1ee3c \u0111i\u1ec1u ch\u1ebf \u0111\u1ec1u \u0111\u01b0\u1ee3c t\u00ednh to\u00e1n \u0111\u1ebfn t\u1eebng \u0111\u01a1n v\u1ecb microgram.<\/p>\t\t\t\t\t\t\t\t<\/div>\n\t\t\t\t<\/div>\n\t\t\t\t\t<\/div>\n\t\t<\/div>\n\t\t\t\t\t<\/div>\n\t\t<\/section>\n\t\t\t\t\t<\/div>\n\t\t<\/div>\n\t\t\t\t\t<\/div>\n\t\t<\/section>\n\t\t\t\t<section class=\"elementor-section elementor-top-section elementor-element elementor-element-848347c elementor-section-boxed elementor-section-height-default elementor-section-height-default\" data-id=\"848347c\" data-element_type=\"section\">\n\t\t\t\t\t\t<div class=\"elementor-container elementor-column-gap-default\">\n\t\t\t\t\t<div class=\"elementor-column elementor-col-100 elementor-top-column elementor-element elementor-element-dc8a554\" data-id=\"dc8a554\" data-element_type=\"column\">\n\t\t\t<div class=\"elementor-widget-wrap elementor-element-populated\">\n\t\t\t\t\t\t<div class=\"elementor-element elementor-element-3d5f75b elementor-widget elementor-widget-heading\" data-id=\"3d5f75b\" data-element_type=\"widget\" data-widget_type=\"heading.default\">\n\t\t\t\t<div class=\"elementor-widget-container\">\n\t\t\t\t\t<h2 class=\"elementor-heading-title elementor-size-default\">Nh\u1eadn th\u00f4ng tin v\u00e0 c\u00e1c khuy\u1ebfn m\u00e3i m\u1edbi nh\u1ea5t<\/h2>\t\t\t\t<\/div>\n\t\t\t\t<\/div>\n\t\t\t\t<section class=\"elementor-section elementor-inner-section elementor-element elementor-element-187571f elementor-section-boxed elementor-section-height-default elementor-section-height-default\" data-id=\"187571f\" data-element_type=\"section\">\n\t\t\t\t\t\t<div class=\"elementor-container elementor-column-gap-default\">\n\t\t\t\t\t<div class=\"elementor-column elementor-col-100 elementor-inner-column elementor-element elementor-element-b429ff2\" data-id=\"b429ff2\" data-element_type=\"column\">\n\t\t\t<div class=\"elementor-widget-wrap elementor-element-populated\">\n\t\t\t\t\t\t<div class=\"elementor-element elementor-element-79971ba elementor-widget elementor-widget-text-editor\" data-id=\"79971ba\" data-element_type=\"widget\" data-widget_type=\"text-editor.default\">\n\t\t\t\t<div class=\"elementor-widget-container\">\n\t\t\t\t\t\t\t\t\t<p>B\u1ea1n s\u1ebd nh\u1eadn \u0111\u01b0\u1ee3c th\u00f4ng tin s\u1ea3n ph\u1ea9m, th\u00e0nh qu\u1ea3 nghi\u00ean c\u1ee9u v\u00e0 c\u00e1c khuy\u1ebfn m\u00e3i m\u1edbi nh\u1ea5t c\u1ee7a KenkoUp\u00ae<\/p>\t\t\t\t\t\t\t\t<\/div>\n\t\t\t\t<\/div>\n\t\t\t\t\t<\/div>\n\t\t<\/div>\n\t\t\t\t\t<\/div>\n\t\t<\/section>\n\t\t\t\t<section class=\"elementor-section elementor-inner-section elementor-element elementor-element-0721199 elementor-section-boxed elementor-section-height-default elementor-section-height-default\" data-id=\"0721199\" data-element_type=\"section\">\n\t\t\t\t\t\t<div class=\"elementor-container elementor-column-gap-no\">\n\t\t\t\t\t<div class=\"elementor-column elementor-col-100 elementor-inner-column elementor-element elementor-element-880c9fe\" data-id=\"880c9fe\" data-element_type=\"column\">\n\t\t\t<div class=\"elementor-widget-wrap elementor-element-populated\">\n\t\t\t\t\t\t<div class=\"elementor-element elementor-element-27a59d1 elementor-widget elementor-widget-shortcode\" data-id=\"27a59d1\" data-element_type=\"widget\" data-widget_type=\"shortcode.default\">\n\t\t\t\t<div class=\"elementor-widget-container\">\n\t\t\t\t\t\t\t<div class=\"elementor-shortcode\"><script>(function() {\n\twindow.mc4wp = window.mc4wp || {\n\t\tlisteners: [],\n\t\tforms: {\n\t\t\ton: function(evt, cb) {\n\t\t\t\twindow.mc4wp.listeners.push(\n\t\t\t\t\t{\n\t\t\t\t\t\tevent   : evt,\n\t\t\t\t\t\tcallback: cb\n\t\t\t\t\t}\n\t\t\t\t);\n\t\t\t}\n\t\t}\n\t}\n})();\n<\/script><!-- Mailchimp for WordPress v4.9.17 - https:\/\/wordpress.org\/plugins\/mailchimp-for-wp\/ --><form id=\"mc4wp-form-1\" class=\"mc4wp-form mc4wp-form-4796\" method=\"post\" data-id=\"4796\" data-name=\"Newsletter\" action=\"\" ><div class=\"mc4wp-form-fields\"><p class=\"news-letter-email\" style=\"text-align:center\" >\r\n\t<label>\r\n\t\t<input type=\"email\" name=\"EMAIL\" placeholder=\"Nh\u1eadp Email \" required style=\"width:100%;text-align:center\" \/>\r\n<\/label>\r\n<\/p>\r\n\r\n<p class=\"news-letter-signup\" style=\"text-align:center; padding-top:10px\" >\r\n\t<input type=\"submit\" value=\"\u0110\u0103ng k\u00fd\" \/>\r\n<\/p><\/div><label style=\"display: none !important;\">Leave this field empty if you're human: <input type=\"text\" name=\"_mc4wp_honeypot\" value=\"\" tabindex=\"-1\" autocomplete=\"off\" \/><\/label><input type=\"hidden\" name=\"_mc4wp_timestamp\" value=\"1777982135\" \/><input type=\"hidden\" name=\"_mc4wp_form_id\" value=\"4796\" \/><input type=\"hidden\" name=\"_mc4wp_form_element_id\" value=\"mc4wp-form-1\" \/><div class=\"mc4wp-response\"><\/div><input type=\"hidden\" name=\"trp-form-language\" value=\"vn\"\/><\/form><!-- \/ Mailchimp for WordPress Plugin --><\/div>\n\t\t\t\t\t\t<\/div>\n\t\t\t\t<\/div>\n\t\t\t\t\t<\/div>\n\t\t<\/div>\n\t\t\t\t\t<\/div>\n\t\t<\/section>\n\t\t\t\t\t<\/div>\n\t\t<\/div>\n\t\t\t\t\t<\/div>\n\t\t<\/section>\n\t\t\t\t<\/div>","protected":false},"excerpt":{"rendered":"<p>PRODUCTS Immunity is the key. Boost yours with KenkoUp\u00ae Fucoidan Complex. Get the support you need for optimal immune balance and wellness. KenkoUp\u00ae Fucoidan Complex is scientifically proven for its efficacy in supporting immunity and overall wellness. SHOP NOW OUR PHILOSOPHY PROVEN We blend nature and scientific innovation to deliver effective, yet gentle solutions. That &hellip;<\/p>\n<p class=\"read-more\"> <a class=\"\" href=\"https:\/\/kenkoup.com\/vn\/\"> <span class=\"screen-reader-text\">Home<\/span> Read More &raquo;<\/a><\/p>","protected":false},"author":1,"featured_media":0,"parent":0,"menu_order":0,"comment_status":"closed","ping_status":"closed","template":"","meta":{"_monsterinsights_skip_tracking":false,"_monsterinsights_sitenote_active":false,"_monsterinsights_sitenote_note":"","_monsterinsights_sitenote_category":0,"footnotes":""},"class_list":["post-3252","page","type-page","status-publish","hentry"],"aioseo_notices":[],"_links":{"self":[{"href":"https:\/\/kenkoup.com\/vn\/wp-json\/wp\/v2\/pages\/3252","targetHints":{"allow":["GET"]}}],"collection":[{"href":"https:\/\/kenkoup.com\/vn\/wp-json\/wp\/v2\/pages"}],"about":[{"href":"https:\/\/kenkoup.com\/vn\/wp-json\/wp\/v2\/types\/page"}],"author":[{"embeddable":true,"href":"https:\/\/kenkoup.com\/vn\/wp-json\/wp\/v2\/users\/1"}],"replies":[{"embeddable":true,"href":"https:\/\/kenkoup.com\/vn\/wp-json\/wp\/v2\/comments?post=3252"}],"version-history":[{"count":5,"href":"https:\/\/kenkoup.com\/vn\/wp-json\/wp\/v2\/pages\/3252\/revisions"}],"predecessor-version":[{"id":6716,"href":"https:\/\/kenkoup.com\/vn\/wp-json\/wp\/v2\/pages\/3252\/revisions\/6716"}],"wp:attachment":[{"href":"https:\/\/kenkoup.com\/vn\/wp-json\/wp\/v2\/media?parent=3252"}],"curies":[{"name":"wp","href":"https:\/\/api.w.org\/{rel}","templated":true}]}}