{"id":3360,"date":"2020-09-22T08:47:28","date_gmt":"2020-09-22T08:47:28","guid":{"rendered":"https:\/\/kenkoup.com\/?page_id=3360"},"modified":"2021-03-15T21:11:25","modified_gmt":"2021-03-16T05:11:25","slug":"about-us","status":"publish","type":"page","link":"https:\/\/kenkoup.com\/vn\/about-us\/","title":{"rendered":"V\u1ec1 ch\u00fang t\u00f4i"},"content":{"rendered":"<div data-elementor-type=\"wp-page\" data-elementor-id=\"3360\" class=\"elementor elementor-3360\" data-elementor-post-type=\"page\">\n\t\t\t\t\t\t<section class=\"elementor-section elementor-top-section elementor-element elementor-element-7514d5c elementor-section-full_width elementor-section-height-default elementor-section-height-default\" data-id=\"7514d5c\" data-element_type=\"section\" data-settings=\"{&quot;background_background&quot;:&quot;classic&quot;}\">\n\t\t\t\t\t\t<div class=\"elementor-container elementor-column-gap-no\">\n\t\t\t\t\t<div class=\"elementor-column elementor-col-100 elementor-top-column elementor-element elementor-element-49a346b\" data-id=\"49a346b\" data-element_type=\"column\" data-settings=\"{&quot;background_background&quot;:&quot;classic&quot;}\">\n\t\t\t<div class=\"elementor-widget-wrap elementor-element-populated\">\n\t\t\t\t\t\t<div class=\"elementor-element elementor-element-681227f elementor-widget elementor-widget-image\" data-id=\"681227f\" data-element_type=\"widget\" data-widget_type=\"image.default\">\n\t\t\t\t<div class=\"elementor-widget-container\">\n\t\t\t\t\t\t\t\t\t\t\t\t\t\t\t<img fetchpriority=\"high\" decoding=\"async\" width=\"2560\" height=\"814\" src=\"https:\/\/kenkoup.com\/wp-content\/uploads\/2020\/12\/About-bg-scaled.jpg\" class=\"attachment-full size-full wp-image-5309\" alt=\"\" srcset=\"https:\/\/kenkoup.com\/wp-content\/uploads\/2020\/12\/About-bg-scaled.jpg 2560w, https:\/\/kenkoup.com\/wp-content\/uploads\/2020\/12\/About-bg-300x95.jpg 300w, https:\/\/kenkoup.com\/wp-content\/uploads\/2020\/12\/About-bg-1024x326.jpg 1024w, https:\/\/kenkoup.com\/wp-content\/uploads\/2020\/12\/About-bg-768x244.jpg 768w, https:\/\/kenkoup.com\/wp-content\/uploads\/2020\/12\/About-bg-1536x489.jpg 1536w, https:\/\/kenkoup.com\/wp-content\/uploads\/2020\/12\/About-bg-2048x651.jpg 2048w, https:\/\/kenkoup.com\/wp-content\/uploads\/2020\/12\/About-bg-16x5.jpg 16w, https:\/\/kenkoup.com\/wp-content\/uploads\/2020\/12\/About-bg-600x191.jpg 600w\" sizes=\"(max-width: 2560px) 100vw, 2560px\" \/>\t\t\t\t\t\t\t\t\t\t\t\t\t\t\t<\/div>\n\t\t\t\t<\/div>\n\t\t\t\t\t<\/div>\n\t\t<\/div>\n\t\t\t\t\t<\/div>\n\t\t<\/section>\n\t\t\t\t<section class=\"elementor-section elementor-top-section elementor-element elementor-element-d3f590b elementor-section-boxed elementor-section-height-default elementor-section-height-default\" data-id=\"d3f590b\" data-element_type=\"section\" data-settings=\"{&quot;background_background&quot;:&quot;classic&quot;}\">\n\t\t\t\t\t\t<div class=\"elementor-container elementor-column-gap-default\">\n\t\t\t\t\t<div class=\"elementor-column elementor-col-100 elementor-top-column elementor-element elementor-element-07b9b05\" data-id=\"07b9b05\" data-element_type=\"column\">\n\t\t\t<div class=\"elementor-widget-wrap elementor-element-populated\">\n\t\t\t\t\t\t<section class=\"elementor-section elementor-inner-section elementor-element elementor-element-3a25d1a elementor-section-boxed elementor-section-height-default elementor-section-height-default\" data-id=\"3a25d1a\" data-element_type=\"section\">\n\t\t\t\t\t\t<div class=\"elementor-container elementor-column-gap-default\">\n\t\t\t\t\t<div class=\"elementor-column elementor-col-100 elementor-inner-column elementor-element elementor-element-e8e12e0\" data-id=\"e8e12e0\" data-element_type=\"column\">\n\t\t\t<div class=\"elementor-widget-wrap elementor-element-populated\">\n\t\t\t\t\t\t<div class=\"elementor-element elementor-element-f658a34 elementor-widget elementor-widget-heading\" data-id=\"f658a34\" data-element_type=\"widget\" data-widget_type=\"heading.default\">\n\t\t\t\t<div class=\"elementor-widget-container\">\n\t\t\t\t\t<h2 class=\"elementor-heading-title elementor-size-default\">V\u1ec1 ch\u00fang t\u00f4i<\/h2>\t\t\t\t<\/div>\n\t\t\t\t<\/div>\n\t\t\t\t<div class=\"elementor-element elementor-element-7a23838 elementor-widget elementor-widget-text-editor\" data-id=\"7a23838\" data-element_type=\"widget\" data-widget_type=\"text-editor.default\">\n\t\t\t\t<div class=\"elementor-widget-container\">\n\t\t\t\t\t\t\t\t\t<div>Trong 20 n\u0103m qua, t\u1eeb vi\u1ec7c gi\u1ea3i th\u00edch c\u01a1 ch\u1ebf di truy\u1ec1n c\u1ee7a s\u1ef1 l\u00e3o h\u00f3a \u0111\u1ebfn vi\u1ec7c t\u00ecm c\u00e1ch k\u00e9o d\u00e0i tu\u1ed5i th\u1ecd, nh\u1eefng ti\u1ebfn b\u1ed9 khoa h\u1ecdc mang t\u00ednh c\u1ed9t m\u1ed1c kh\u00e1c nhau \u0111\u00e3 mang \u0111\u1ebfn cho con ng\u01b0\u1eddi nh\u1eefng gi\u1ea3i ph\u00e1p s\u1ee9c kh\u1ecfe ch\u1ee7 \u0111\u1ed9ng h\u01a1n. T\u1ea1i \u0110\u1ea1i h\u1ecdc Qu\u1ed1c gia Ryukyu \u1edf Okinawa, Nh\u1eadt B\u1ea3n, c\u00e1c nh\u00e0 nghi\u00ean c\u1ee9u c\u0169ng \u0111\u00e3 ph\u00e2n t\u00edch th\u00f3i quen s\u1ed1ng l\u00e2u \u0111\u1eddi c\u1ee7a ng\u01b0\u1eddi Okinawa \u0111\u1ec3 t\u00ecm ra ch\u00eca kh\u00f3a gi\u00fap khu v\u1ef1c n\u00e0y k\u00e9o d\u00e0i tu\u1ed5i th\u1ecd, kh\u1ecfe m\u1ea1nh v\u00e0 ch\u1eadm l\u00e3o h\u00f3a.<\/div>\n<div>&nbsp;<\/div>\n<div>Ch\u00fang t\u00f4i th\u00e0nh l\u1eadp KenkoUp\u00ae v\u00ec ch\u00fang t\u00f4i tin r\u1eb1ng m\u1ecdi ng\u01b0\u1eddi s\u1ebd \u0111\u01b0\u1ee3c h\u01b0\u1edfng l\u1ee3i tr\u1ef1c ti\u1ebfp t\u1eeb nghi\u00ean c\u1ee9u mang t\u00ednh \u0111\u1ed9t ph\u00e1 n\u00e0y. H\u1ee3p t\u00e1c v\u1edbi c\u00e1c nh\u00e0 khoa h\u1ecdc v\u00e0 nh\u00f3m nghi\u00ean c\u1ee9u h\u00e0ng \u0111\u1ea7u th\u1ebf gi\u1edbi, KenkoUp\u00ae \u0111ang t\u1ea1o ra m\u1ed9t th\u1ecb tr\u01b0\u1eddng ng\u00e1ch m\u1edbi trong ng\u00e0nh b\u1eb1ng c\u00e1ch chuy\u1ec3n nh\u1eefng ti\u1ebfn b\u1ed9 trong khoa h\u1ecdc th\u00e0nh c\u00e1c s\u1ea3n ph\u1ea9m h\u1ed7 tr\u1ee3 hi\u1ec7u qu\u1ea3 m\u00e0 kh\u00e1ch h\u00e0ng c\u1ee7a ch\u00fang t\u00f4i c\u00f3 th\u1ec3 d\u1ec5 d\u00e0ng k\u1ebft h\u1ee3p s\u1eed d\u1ee5ng h\u00e0ng ng\u00e0y.&nbsp;<\/div>\t\t\t\t\t\t\t\t<\/div>\n\t\t\t\t<\/div>\n\t\t\t\t<div class=\"elementor-element elementor-element-1b18da5 elementor-widget elementor-widget-heading\" data-id=\"1b18da5\" data-element_type=\"widget\" data-widget_type=\"heading.default\">\n\t\t\t\t<div class=\"elementor-widget-container\">\n\t\t\t\t\t<h2 class=\"elementor-heading-title elementor-size-default\">S\u1ee9 m\u1ec7nh th\u01b0\u01a1ng hi\u1ec7u<\/h2>\t\t\t\t<\/div>\n\t\t\t\t<\/div>\n\t\t\t\t<div class=\"elementor-element elementor-element-b8b2c82 elementor-widget elementor-widget-text-editor\" data-id=\"b8b2c82\" data-element_type=\"widget\" data-widget_type=\"text-editor.default\">\n\t\t\t\t<div class=\"elementor-widget-container\">\n\t\t\t\t\t\t\t\t\t<div>Truy\u1ec1n c\u1ea3m h\u1ee9ng v\u00e0 mang ti\u1ebfn b\u1ed9 khoa h\u1ecdc \u0111\u1ebfn v\u1edbi m\u1ecdi ng\u01b0\u1eddi cho m\u1ed9t S\u1ee9c kh\u1ecfe t\u1ed1t h\u01a1n v\u00e0 Cu\u1ed9c s\u1ed1ng T\u1ed1t \u0111\u1eb9p h\u01a1n.<\/div>\t\t\t\t\t\t\t\t<\/div>\n\t\t\t\t<\/div>\n\t\t\t\t<div class=\"elementor-element elementor-element-2e46b45 elementor-widget elementor-widget-heading\" data-id=\"2e46b45\" data-element_type=\"widget\" data-widget_type=\"heading.default\">\n\t\t\t\t<div class=\"elementor-widget-container\">\n\t\t\t\t\t<h2 class=\"elementor-heading-title elementor-size-default\">Cam k\u1ebft c\u1ee7a ch\u00fang t\u00f4i<\/h2>\t\t\t\t<\/div>\n\t\t\t\t<\/div>\n\t\t\t\t<div class=\"elementor-element elementor-element-068271b elementor-widget elementor-widget-text-editor\" data-id=\"068271b\" data-element_type=\"widget\" data-widget_type=\"text-editor.default\">\n\t\t\t\t<div class=\"elementor-widget-container\">\n\t\t\t\t\t\t\t\t\t<p>Cam k\u1ebft mang \u0111\u1ebfn m\u1ed9t s\u1ee9c kh\u1ecfe t\u1ed1t cho kh\u00e1ch h\u00e0ng c\u1ee7a ch\u00fang t\u00f4i n\u1eb1m \u1edf c\u1ed1t l\u00f5i c\u1ee7a c\u00e1c s\u1ea3n ph\u1ea9m ch\u00fang t\u00f4i t\u1ea1o ra - \u0111\u01b0\u1ee3c h\u1ed7 tr\u1ee3 b\u1edfi nghi\u00ean c\u1ee9u khoa h\u1ecdc v\u00e0 c\u00e1c th\u00e0nh ph\u1ea7n ch\u1ea5t l\u01b0\u1ee3ng cao. T\u1ea1i KenkoUp\u00ae, ch\u00fang t\u00f4i cung c\u1ea5p c\u00e1c s\u1ea3n ph\u1ea9m c\u00f3 ngu\u1ed3n g\u1ed1c t\u1ef1 nhi\u00ean v\u00e0 d\u1ef1a tr\u00ean khoa h\u1ecdc \u0111\u1ec3 ph\u00f9 h\u1ee3p v\u1edbi nhu c\u1ea7u s\u1ee9c kh\u1ecfe c\u1ee7a b\u1ea1n \u1edf m\u1ecdi giai \u0111o\u1ea1n.<\/p>\t\t\t\t\t\t\t\t<\/div>\n\t\t\t\t<\/div>\n\t\t\t\t\t<\/div>\n\t\t<\/div>\n\t\t\t\t\t<\/div>\n\t\t<\/section>\n\t\t\t\t\t<\/div>\n\t\t<\/div>\n\t\t\t\t\t<\/div>\n\t\t<\/section>\n\t\t\t\t<section class=\"elementor-section elementor-top-section elementor-element elementor-element-c434983 elementor-section-boxed elementor-section-height-default elementor-section-height-default\" data-id=\"c434983\" data-element_type=\"section\">\n\t\t\t\t\t\t<div class=\"elementor-container elementor-column-gap-default\">\n\t\t\t\t\t<div class=\"elementor-column elementor-col-100 elementor-top-column elementor-element elementor-element-bde79ca\" data-id=\"bde79ca\" data-element_type=\"column\">\n\t\t\t<div class=\"elementor-widget-wrap\">\n\t\t\t\t\t\t\t<\/div>\n\t\t<\/div>\n\t\t\t\t\t<\/div>\n\t\t<\/section>\n\t\t\t\t<\/div>","protected":false},"excerpt":{"rendered":"<p>OUR STORY Landmark scientific discoveries in the past 20 years \u2013 from decoding the genetic mechanisms of aging to finding the pathways that expand the life span \u2014 offer a path to proactive health solutions. At the University of Ryukyu in Okinawa, Japanese researchers have analyzed the key elements that lead to Okinawa\u2019s unique longevity &hellip;<\/p>\n<p class=\"read-more\"> <a class=\"\" href=\"https:\/\/kenkoup.com\/vn\/about-us\/\"> <span class=\"screen-reader-text\">V\u1ec1 ch\u00fang t\u00f4i<\/span> Read More &raquo;<\/a><\/p>","protected":false},"author":1,"featured_media":0,"parent":0,"menu_order":0,"comment_status":"closed","ping_status":"closed","template":"","meta":{"_monsterinsights_skip_tracking":false,"_monsterinsights_sitenote_active":false,"_monsterinsights_sitenote_note":"","_monsterinsights_sitenote_category":0,"footnotes":""},"class_list":["post-3360","page","type-page","status-publish","hentry"],"aioseo_notices":[],"_links":{"self":[{"href":"https:\/\/kenkoup.com\/vn\/wp-json\/wp\/v2\/pages\/3360","targetHints":{"allow":["GET"]}}],"collection":[{"href":"https:\/\/kenkoup.com\/vn\/wp-json\/wp\/v2\/pages"}],"about":[{"href":"https:\/\/kenkoup.com\/vn\/wp-json\/wp\/v2\/types\/page"}],"author":[{"embeddable":true,"href":"https:\/\/kenkoup.com\/vn\/wp-json\/wp\/v2\/users\/1"}],"replies":[{"embeddable":true,"href":"https:\/\/kenkoup.com\/vn\/wp-json\/wp\/v2\/comments?post=3360"}],"version-history":[{"count":5,"href":"https:\/\/kenkoup.com\/vn\/wp-json\/wp\/v2\/pages\/3360\/revisions"}],"predecessor-version":[{"id":6273,"href":"https:\/\/kenkoup.com\/vn\/wp-json\/wp\/v2\/pages\/3360\/revisions\/6273"}],"wp:attachment":[{"href":"https:\/\/kenkoup.com\/vn\/wp-json\/wp\/v2\/media?parent=3360"}],"curies":[{"name":"wp","href":"https:\/\/api.w.org\/{rel}","templated":true}]}}